{"id":464,"date":"2016-06-16T15:49:57","date_gmt":"2016-06-16T15:49:57","guid":{"rendered":"https:\/\/www.wpselected.com\/hunted\/?page_id=464"},"modified":"2022-06-05T17:26:26","modified_gmt":"2022-06-05T20:26:26","slug":"contact","status":"publish","type":"page","link":"https:\/\/testedemanta.com.br\/teste-de-estanqueidade\/contact\/","title":{"rendered":"Contatos"},"content":{"rendered":"<p><strong>RALIFE ENGENHARIA<\/strong><br>\nRua Francisco Bellazzi, N\u00b0 244<br>\nJd. Jaragu\u00e1 S\u00e3o Paulo &#8211; SP<\/p>\n<p><strong>Telefone Whatsapp<\/strong> 11 &nbsp;94933-1470<\/p>\n<p>Entre em contato conosco ou preencha o formul\u00e1rio abaixo.<\/p>\n\n<div class=\"wpforms-container wpforms-container-full\" id=\"wpforms-1080\"><form id=\"wpforms-form-1080\" class=\"wpforms-validate wpforms-form wpforms-ajax-form\" data-formid=\"1080\" method=\"post\" enctype=\"multipart\/form-data\" action=\"\/teste-de-estanqueidade\/wp-json\/wp\/v2\/pages\/464\" data-token=\"758f9265c250da5fc207dcad0b6b22a3\" data-token-time=\"1776960782\"><noscript class=\"wpforms-error-noscript\">Ative o JavaScript no seu navegador para preencher este formul\u00e1rio.<\/noscript><div class=\"wpforms-field-container\"><div id=\"wpforms-1080-field_0-container\" class=\"wpforms-field wpforms-field-name\" data-field-id=\"0\"><label class=\"wpforms-field-label\">Nome <span class=\"wpforms-required-label\">*<\/span><\/label><div class=\"wpforms-field-row wpforms-field-medium\"><div class=\"wpforms-field-row-block wpforms-first wpforms-one-half\"><input type=\"text\" id=\"wpforms-1080-field_0\" class=\"wpforms-field-name-first wpforms-field-required\" name=\"wpforms[fields][0][first]\" required><label for=\"wpforms-1080-field_0\" class=\"wpforms-field-sublabel after\">Nome<\/label><\/div><div class=\"wpforms-field-row-block wpforms-one-half\"><input type=\"text\" id=\"wpforms-1080-field_0-last\" class=\"wpforms-field-name-last wpforms-field-required\" name=\"wpforms[fields][0][last]\" required><label for=\"wpforms-1080-field_0-last\" class=\"wpforms-field-sublabel after\">Sobrenome<\/label><\/div><\/div><\/div><div id=\"wpforms-1080-field_3-container\" class=\"wpforms-field wpforms-field-number\" data-field-id=\"3\"><label class=\"wpforms-field-label\" for=\"wpforms-1080-field_3\">Telefone <span class=\"wpforms-required-label\">*<\/span><\/label><input type=\"number\" id=\"wpforms-1080-field_3\" class=\"wpforms-field-medium wpforms-field-required\" name=\"wpforms[fields][3]\" step=\"any\" required><div class=\"wpforms-field-description\">Coloque seu telefone ou whatsapp<\/div><\/div><div id=\"wpforms-1080-field_1-container\" class=\"wpforms-field wpforms-field-email\" data-field-id=\"1\"><label class=\"wpforms-field-label\">Email <span class=\"wpforms-required-label\">*<\/span><\/label><div class=\"wpforms-field-row wpforms-field-medium\"><div class=\"wpforms-field-row-block wpforms-one-half wpforms-first\"><input type=\"email\" id=\"wpforms-1080-field_1\" class=\"wpforms-field-required wpforms-field-email-primary\" name=\"wpforms[fields][1][primary]\" spellcheck=\"false\" required><label for=\"wpforms-1080-field_1\" class=\"wpforms-field-sublabel after\">E-mail<\/label><\/div><div class=\"wpforms-field-row-block wpforms-one-half\"><input type=\"email\" id=\"wpforms-1080-field_1-secondary\" class=\"wpforms-field-email-secondary wpforms-field-required\" data-rule-confirm=\"#wpforms-1080-field_1\" name=\"wpforms[fields][1][secondary]\" spellcheck=\"false\" required><label for=\"wpforms-1080-field_1-secondary\" class=\"wpforms-field-sublabel after\">Confirmar e-mail<\/label><\/div><\/div><\/div><div id=\"wpforms-1080-field_2-container\" class=\"wpforms-field wpforms-field-textarea\" data-field-id=\"2\"><label class=\"wpforms-field-label\" for=\"wpforms-1080-field_2\">Escreva usa mensagem <span class=\"wpforms-required-label\">*<\/span><\/label><textarea id=\"wpforms-1080-field_2\" class=\"wpforms-field-medium wpforms-field-required\" name=\"wpforms[fields][2]\" required><\/textarea><\/div><\/div><!-- .wpforms-field-container --><div class=\"wpforms-submit-container\" ><input type=\"hidden\" name=\"wpforms[id]\" value=\"1080\"><input type=\"hidden\" name=\"page_title\" value=\"\"><input type=\"hidden\" name=\"page_url\" value=\"https:\/\/testedemanta.com.br\/teste-de-estanqueidade\/wp-json\/wp\/v2\/pages\/464\"><input type=\"hidden\" name=\"url_referer\" value=\"\"><button type=\"submit\" name=\"wpforms[submit]\" id=\"wpforms-submit-1080\" class=\"wpforms-submit\" data-alt-text=\"Enviando...\" data-submit-text=\"Enviar\" aria-live=\"assertive\" value=\"wpforms-submit\">Enviar<\/button><img loading=\"lazy\" decoding=\"async\" src=\"https:\/\/testedemanta.com.br\/teste-de-estanqueidade\/wp-content\/plugins\/wpforms-lite\/assets\/images\/submit-spin.svg\" class=\"wpforms-submit-spinner\" style=\"display: none;\" width=\"26\" height=\"26\" alt=\"Carregando\"><\/div><\/form><\/div>  <!-- .wpforms-container -->\n","protected":false},"excerpt":{"rendered":"<p>RALIFE ENGENHARIA Rua Francisco Bellazzi, N\u00b0 244 Jd. Jaragu\u00e1 S\u00e3o Paulo &#8211; SP Telefone Whatsapp 11 &nbsp;94933-1470 Entre em contato conosco ou preencha o formul\u00e1rio abaixo.<\/p>\n","protected":false},"author":2,"featured_media":0,"parent":0,"menu_order":0,"comment_status":"closed","ping_status":"closed","template":"","meta":{"_crdt_document":"","footnotes":""},"class_list":["post-464","page","type-page","status-publish","hentry"],"_links":{"self":[{"href":"https:\/\/testedemanta.com.br\/teste-de-estanqueidade\/wp-json\/wp\/v2\/pages\/464","targetHints":{"allow":["GET"]}}],"collection":[{"href":"https:\/\/testedemanta.com.br\/teste-de-estanqueidade\/wp-json\/wp\/v2\/pages"}],"about":[{"href":"https:\/\/testedemanta.com.br\/teste-de-estanqueidade\/wp-json\/wp\/v2\/types\/page"}],"author":[{"embeddable":true,"href":"https:\/\/testedemanta.com.br\/teste-de-estanqueidade\/wp-json\/wp\/v2\/users\/2"}],"replies":[{"embeddable":true,"href":"https:\/\/testedemanta.com.br\/teste-de-estanqueidade\/wp-json\/wp\/v2\/comments?post=464"}],"version-history":[{"count":7,"href":"https:\/\/testedemanta.com.br\/teste-de-estanqueidade\/wp-json\/wp\/v2\/pages\/464\/revisions"}],"predecessor-version":[{"id":1085,"href":"https:\/\/testedemanta.com.br\/teste-de-estanqueidade\/wp-json\/wp\/v2\/pages\/464\/revisions\/1085"}],"wp:attachment":[{"href":"https:\/\/testedemanta.com.br\/teste-de-estanqueidade\/wp-json\/wp\/v2\/media?parent=464"}],"curies":[{"name":"wp","href":"https:\/\/api.w.org\/{rel}","templated":true}]}}