{"id":3,"date":"2022-05-26T15:53:13","date_gmt":"2022-05-26T18:53:13","guid":{"rendered":"https:\/\/testedemanta.com.br\/teste-de-estanqueidade\/?page_id=3"},"modified":"2022-05-30T13:15:56","modified_gmt":"2022-05-30T16:15:56","slug":"politica-de-privacidade","status":"publish","type":"page","link":"https:\/\/testedemanta.com.br\/teste-de-estanqueidade\/politica-de-privacidade\/","title":{"rendered":"Pol\u00edtica de privacidade"},"content":{"rendered":"\n<h2 class=\"wp-block-heading\">Quem somos<\/h2>\n\n\n\n<p class=\"wp-block-paragraph\">A Ralife Engenharia \u00e9 especializada tanto na impermeabiliza\u00e7\u00e3o quanto nos testes que s\u00e3o necess\u00e1rios para obten\u00e7\u00e3o de laudos e da garantia de uma constru\u00e7\u00e3o de qualidade. Ralife Engenharia atua em diversos tipos de edifica\u00e7\u00f5es, tais como condominiais, comerciais, religiosas e hospitalares, realizando testes em impermeabiliza\u00e7\u00f5es e as devidas corre\u00e7\u00f5es.&nbsp;<\/p>\n\n\n\n<p class=\"wp-block-paragraph\">Possu\u00edmos um corpo t\u00e9cnico de profissionais especializados e equipamentos de alta tecnologia para detectar falhas nas impermeabiliza\u00e7\u00f5es. Isso garante alta precis\u00e3o e rapidez na verifica\u00e7\u00f5es e corre\u00e7\u00e3o de falhas.<\/p>\n\n\n\n<h2 class=\"wp-block-heading\">Nossos servi\u00e7os<\/h2>\n\n\n\n<p class=\"wp-block-paragraph\">Realizamos os servi\u00e7os de:<\/p>\n\n\n\n<ul class=\"wp-block-list\"><li>Teste de estanqueidade<\/li><li>Laudos de estanqueidade<\/li><li>Consultoria em impermeabiliza\u00e7\u00e3o<\/li><\/ul>\n\n\n\n<p class=\"wp-block-paragraph\"><\/p>\n\n\n\n<h2 class=\"wp-block-heading\">Contatos<\/h2>\n\n\n\n<p class=\"wp-block-paragraph\">Entre em contato com a Ralife Engenharia:<\/p>\n\n\n\n<p class=\"wp-block-paragraph\">Whatsapp (11) 94933-1470<\/p>\n\n\n\n<p class=\"wp-block-paragraph\">contato@testedemanta.com.br<\/p>\n\n\n\n<h2 class=\"wp-block-heading\">Cookies<\/h2>\n\n\n\n<p class=\"wp-block-paragraph\"><strong class=\"privacy-policy-tutorial\">Texto sugerido: <\/strong>Ao deixar um coment\u00e1rio no site, voc\u00ea poder\u00e1 optar por salvar seu nome, e-mail e site nos cookies. Isso visa seu conforto, assim voc\u00ea n\u00e3o precisar\u00e1 preencher seus  dados novamente quando fizer outro coment\u00e1rio. Estes cookies duram um ano.<\/p>\n\n\n\n<p class=\"wp-block-paragraph\">Se voc\u00ea tem uma conta e acessa este site, um cookie tempor\u00e1rio ser\u00e1 criado para determinar se seu navegador aceita cookies. Ele n\u00e3o cont\u00e9m nenhum dado pessoal e ser\u00e1 descartado quando voc\u00ea fechar seu navegador.<\/p>\n\n\n\n<p class=\"wp-block-paragraph\">Quando voc\u00ea acessa sua conta no site, tamb\u00e9m criamos v\u00e1rios cookies para salvar os dados da sua conta e suas escolhas de exibi\u00e7\u00e3o de tela. Cookies de login s\u00e3o mantidos por dois dias e cookies de op\u00e7\u00f5es de tela por um ano. Se voc\u00ea selecionar &#8220;Lembrar-me&#8221;, seu acesso ser\u00e1 mantido por duas semanas. Se voc\u00ea se desconectar da sua conta, os cookies de login ser\u00e3o removidos.<\/p>\n\n\n\n<p class=\"wp-block-paragraph\">Se voc\u00ea editar ou publicar um artigo, um cookie adicional ser\u00e1 salvo no seu navegador. Este cookie n\u00e3o inclui nenhum dado pessoal e simplesmente indica o ID do post referente ao artigo que voc\u00ea acabou de editar. Ele expira depois de 1 dia.<\/p>\n\n\n\n<h2 class=\"wp-block-heading\">M\u00eddia incorporada de outros sites<\/h2>\n\n\n\n<p class=\"wp-block-paragraph\"><strong class=\"privacy-policy-tutorial\">Texto sugerido: <\/strong>Artigos neste site podem incluir conte\u00fado incorporado como, por exemplo, v\u00eddeos, imagens, artigos, etc. Conte\u00fados incorporados de outros sites se comportam exatamente da mesma forma como se o visitante estivesse visitando o outro site.<\/p>\n\n\n\n<p class=\"wp-block-paragraph\">Estes sites podem coletar dados sobre voc\u00ea, usar cookies, incorporar rastreamento adicional de terceiros e monitorar sua intera\u00e7\u00e3o com este conte\u00fado incorporado, incluindo sua intera\u00e7\u00e3o com o conte\u00fado incorporado se voc\u00ea tem uma conta e est\u00e1 conectado com o site.<\/p>\n\n\n\n<p class=\"wp-block-paragraph\"><\/p>\n","protected":false},"excerpt":{"rendered":"<p>Quem somos A Ralife Engenharia \u00e9 especializada tanto na impermeabiliza\u00e7\u00e3o quanto nos testes que s\u00e3o necess\u00e1rios para obten\u00e7\u00e3o de laudos e da garantia de uma constru\u00e7\u00e3o de qualidade. Ralife Engenharia atua em diversos tipos de edifica\u00e7\u00f5es, tais como condominiais, comerciais, religiosas e hospitalares, realizando testes em impermeabiliza\u00e7\u00f5es e as devidas corre\u00e7\u00f5es.&nbsp; Possu\u00edmos um corpo t\u00e9cnico&hellip;<\/p>\n","protected":false},"author":1,"featured_media":0,"parent":0,"menu_order":0,"comment_status":"closed","ping_status":"closed","template":"","meta":{"_crdt_document":"","footnotes":""},"class_list":["post-3","page","type-page","status-publish","hentry"],"_links":{"self":[{"href":"https:\/\/testedemanta.com.br\/teste-de-estanqueidade\/wp-json\/wp\/v2\/pages\/3","targetHints":{"allow":["GET"]}}],"collection":[{"href":"https:\/\/testedemanta.com.br\/teste-de-estanqueidade\/wp-json\/wp\/v2\/pages"}],"about":[{"href":"https:\/\/testedemanta.com.br\/teste-de-estanqueidade\/wp-json\/wp\/v2\/types\/page"}],"author":[{"embeddable":true,"href":"https:\/\/testedemanta.com.br\/teste-de-estanqueidade\/wp-json\/wp\/v2\/users\/1"}],"replies":[{"embeddable":true,"href":"https:\/\/testedemanta.com.br\/teste-de-estanqueidade\/wp-json\/wp\/v2\/comments?post=3"}],"version-history":[{"count":1,"href":"https:\/\/testedemanta.com.br\/teste-de-estanqueidade\/wp-json\/wp\/v2\/pages\/3\/revisions"}],"predecessor-version":[{"id":1028,"href":"https:\/\/testedemanta.com.br\/teste-de-estanqueidade\/wp-json\/wp\/v2\/pages\/3\/revisions\/1028"}],"wp:attachment":[{"href":"https:\/\/testedemanta.com.br\/teste-de-estanqueidade\/wp-json\/wp\/v2\/media?parent=3"}],"curies":[{"name":"wp","href":"https:\/\/api.w.org\/{rel}","templated":true}]}}